{"id":1979,"date":"2024-03-26T09:46:11","date_gmt":"2024-03-26T09:46:11","guid":{"rendered":"https:\/\/www.nabuhotel.com\/?page_id=1979"},"modified":"2024-03-28T20:59:27","modified_gmt":"2024-03-28T20:59:27","slug":"surdurulebilirlik","status":"publish","type":"page","link":"https:\/\/www.nabuhotel.com\/?page_id=1979","title":{"rendered":"S\u00dcRD\u00dcR\u00dcLEB\u0130L\u0130RL\u0130K"},"content":{"rendered":"<p><section  id=\"section-6a0900660041e\" class=\" fw-main-row-custom fw-main-row-top fw-section-no-padding  fw_theme_bg_fw-custom fw-section-image fw-section-height-custom  fw-section-position-back tf-sh-0427b7c6c59618cbd33a2e564bb5cafc \"  style=\"  background-image:url(https:\/\/www.nabuhotel.com\/wp-content\/uploads\/2018\/07\/0B1A9600.jpg); background-repeat: no-repeat; background-position: center top; background-size: cover;  height: 560px;\"  >\n\t\t\t<div class=\"fw-container-fluid\" >\n\t\t<div class=\"fw-row\">\n\t<div id=\"column-6a090066007f4\" class=\"fw-col-sm-12 tf-sh-18b8432e0468f1415a3ae419b7822d33  fw-animated-element fw-col-no-padding\" data-animation-type=\"fadeInUp\" data-animation-delay=\"300\">\n\t<div class=\"fw-wrap-col-inner clearfix  \"   >\n\t\t\t\t<div class=\"fw-col-inner\">\n\t\t\t<div class=\"fw-heading fw-heading-center  tf-sh-277ab0ddd26e64a702509b6a58d9f9c2\" >\n\t\t\t<h1 class=\"fw-special-title\">S\u00dcRD\u00dcR\u00dcLEB\u0130L\u0130RL\u0130K<\/h1>\n\t\n\t\n\t<\/div><div class=\"fw-divider-space  fw-custom-space  fw-mobile-hide-element clearfix\" style=\"height:110px;\" ><\/div>\t\t<\/div>\n\t<\/div>\n<\/div><\/div>\n\n\t<\/div>\n\t<\/section><section  id=\"section-6a09006600da5\" class=\" fw-main-row-custom fw-section-no-padding  auto  fw-section-position-back tf-sh-2a24729400113cf7c2ac056d488aacd5 \"  style=\"   \"  >\n\t\t\t<div class=\"fw-container\" >\n\t\t<div class=\"fw-row\">\n\t<div id=\"column-6a09006601068\" class=\"fw-col-sm-12 fw-mobile-hide-element tf-sh-7e4898b680939314dc22a9aae3e0f156\" >\n\t<div class=\"fw-wrap-col-inner clearfix  \"   >\n\t\t\t\t<div class=\"fw-col-inner\">\n\t\t\t<div class=\"fw-divider-space  fw-custom-space  fw-mobile-hide-element clearfix\" style=\"height:60px;\" ><\/div><div class=\"fw-heading fw-heading-left  tf-sh-ade10b06772013677f84c060bd4304b9\" >\n\t\t\t<h3 class=\"fw-special-title\">NABU HOTEL S\u00dcRD\u00dcR\u00dcLEB\u0130L\u0130RL\u0130K POL\u0130T\u0130KASI<\/h3>\n\t\n\t\n\t<\/div><div class=\"fw-divider-space  fw-custom-space  fw-mobile-hide-element clearfix\" style=\"height:20px;\" ><\/div>\t\t<\/div>\n\t<\/div>\n<\/div><\/div>\n\n<div class=\"fw-row\">\n\t<div id=\"column-6a090066015ce\" class=\"fw-col-sm-12 tf-sh-a533f2f69307ac3027c0790c8f7359bf\" >\n\t<div class=\"fw-wrap-col-inner clearfix  \"   >\n\t\t\t\t<div class=\"fw-col-inner\">\n\t\t\t<div class=\"fw-divider-space  fw-custom-space  clearfix\" style=\"height:40px;\" ><\/div><div class=\"fw-text-box tf-sh-79757e85f11e179030131776478313d1 \" >\n\t<div class=\"fw-text-inner\">\n\t\t<p><span style=\"font-weight: 400;\">Tan\u0131m olarak s\u00fcrd\u00fcr\u00fclebilirlik; ya\u015famak i\u00e7in ihtiyac\u0131m\u0131z olan her \u015feyi, <\/span><b>do\u011fal dengeyi bozmadan<\/b><span style=\"font-weight: 400;\"> gelecek nesillerin faydalanabilece\u011fi \u015fekilde \u00fcretim ve \u00e7e\u015fitlili\u011fin devaml\u0131l\u0131\u011f\u0131 sa\u011flan\u0131rken insanl\u0131\u011f\u0131n ya\u015fam\u0131n\u0131n daimi k\u0131l\u0131nabilmesidir. Nabu Hotel\u00a0 olarak misafir memnuniyetini her \u015feyin \u00fczerinde tutarak en iyi kalitede hizmet vermek tesisimizin ana hedefidir. Bu hedef do\u011frultusunda;<\/span><\/p>\n<p>&nbsp;<\/p>\n<p><b>Yasal gereklilikler<\/b><\/p>\n<p><span style=\"font-weight: 400;\">Nabu Hotel <\/span><span style=\"font-weight: 400;\">\u00a0<\/span><span style=\"font-weight: 400;\">t\u00fcm \u00fcr\u00fcn ve hizmet s\u00fcre\u00e7lerinde yasal gerekliliklere uymay\u0131 ilke edinmi\u015ftir.<\/span><\/p>\n<p><b>\u00c7al\u0131\u015fanlar\u0131m\u0131z\u0131n G\u00fcvenli\u011fi ve \u0130nsana Yat\u0131r\u0131m<\/b><\/p>\n<p><span style=\"font-weight: 400;\">Personelimiz en de\u011ferli varl\u0131\u011f\u0131m\u0131zd\u0131r. \u00c7al\u0131\u015fanlar\u0131m\u0131z\u0131n ve i\u015f ortaklar\u0131m\u0131z\u0131n sa\u011fl\u0131k ve g\u00fcvenliklerini tehlikeye atacak riskleri en aza indirmek ve i\u015f kazalar\u0131n\u0131 \u00f6nlemek i\u00e7in t\u00fcm s\u00fcre\u00e7lerimizde s\u00fcrekli iyile\u015ftirme yap\u0131lmakta ve son teknolojiler takip edilmektedir. \u00c7al\u0131\u015fanlar\u0131m\u0131z\u0131n e\u011fitimi, insan haklar\u0131n\u0131n korunmas\u0131 ve din, dil, \u0131rk g\u00f6zetilmeden e\u015fit haklardan faydalanmas\u0131 vazge\u00e7ilmez kural\u0131m\u0131zd\u0131r.<\/span><\/p>\n<p><b>Misafir Memnuniyeti \u2013 Misafir G\u00fcvenli\u011fi \u2013 Misafir Odakl\u0131l\u0131k<\/b><\/p>\n<p><span style=\"font-weight: 400;\">Misafirlerimiz var olma sebebimizdir. Her t\u00fcrl\u00fc kaynaktan gelen t\u00fcm misafir \u015fik\u00e2yetlerini takip etmek, \u015fik\u00e2yetleri \u00e7\u00f6z\u00fcmlemek ve misafirlerimizi bu konuda bilgilendirerek \u015fik\u00e2yetleri kendimiz i\u00e7in f\u0131rsata d\u00f6n\u00fc\u015ft\u00fcrmek \u00f6ncelikli de\u011ferlerimizdir.<\/span><\/p>\n<p><b>\u00c7evreye Sayg\u0131 Do\u011fal<\/b><\/p>\n<p><span style=\"font-weight: 400;\">Kaynaklar\u0131m\u0131z\u0131 en verimli \u015fekilde kullanarak \u00e7evre kirlili\u011fini \u00f6nlenmek ve do\u011fay\u0131 korumak, at\u0131klar\u0131m\u0131z\u0131n miktar\u0131n\u0131 azaltmak, geri d\u00f6n\u00fc\u015f\u00fcm\u00fc sa\u011flamak veya zarars\u0131z hale getirmek ana hedeflerimizdendir.<\/span><\/p>\n<p><b>Enerji Tasarrufu<\/b><\/p>\n<p><span style=\"font-weight: 400;\">Nabu Hotel<\/span> <span style=\"font-weight: 400;\">tesisimiz enerji kaynaklar\u0131m\u0131z\u0131 en verimli \u015fekilde kullanmak ve enerji verimlili\u011fi konusunda s\u00fcrekli iyile\u015ftirmeyi esas edinmi\u015ftir.<\/span><\/p>\n<p>&nbsp;<\/p>\n<p><b>G\u0131da G\u00fcvenli\u011fi \u2013 Hijyen<\/b><\/p>\n<p><span style=\"font-weight: 400;\">Kaliteli, g\u0131da g\u00fcvenli\u011fi ilkelerine uygun \u00fcr\u00fcnler sunmak i\u00e7in g\u0131da zinciri boyunca g\u0131da g\u00fcvenlik sistemini uygulamak, s\u00fcrekli iyile\u015ftirmek ve tesisimiz genelinde hijyen \u015fartlar\u0131n\u0131 \u00f6n planda tutmak prensibimizdir.<\/span><\/p>\n<p><b>Yat\u0131r\u0131mc\u0131m\u0131z ve \u0130\u015f Ortaklar\u0131m\u0131z<\/b><\/p>\n<p><span style=\"font-weight: 400;\">\u00c7al\u0131\u015fanlar\u0131na huzurlu ve g\u00fcvenli bir \u00e7al\u0131\u015fma ortam\u0131 sa\u011flayan ve ayn\u0131 hedefi payla\u015ft\u0131\u011f\u0131m\u0131z i\u015f ortaklar\u0131m\u0131z\u0131n beklenti ve gereksinimlerini \u00e7ok iyi tespit ederek, en uygun maliyet ile rakiplerimizden daha iyi hizmet vermek i\u00e7in \u00e7al\u0131\u015f\u0131r\u0131z.<\/span><\/p>\n<p><b>Yerel Ekonomiye Destek ve S\u00fcrd\u00fcr\u00fclebilir<\/b><\/p>\n<p><span style=\"font-weight: 400;\">Sat\u0131nalma uygulamalar\u0131 yerel ekonomiye olan katk\u0131m\u0131z\u0131n fark\u0131nday\u0131z, bu sebeple tedarik\u00e7ilerimizin ve hammaddelerimizin \u00e7o\u011fu yereldir. S\u00fcrd\u00fcr\u00fclebilir turizm i\u00e7in, daha az enerji, su, at\u0131k \u00fcreten, \u00e7evre dostu sat\u0131nalma yapar\u0131z. Bu ilkeler \u0131\u015f\u0131\u011f\u0131nda ulusal ve uluslararas\u0131 pazarda rekabet eden tesisimiz, her zaman lider olabilmek i\u00e7in gereken kararl\u0131\u011f\u0131 g\u00f6stermekte, s\u00fcrekli geli\u015ftirmekte ve kaynaklar\u0131 sa\u011flamaktad\u0131r.<\/span><\/p>\n<p><b>\u00c7ocuk \u0130stismar\u0131 ve Taciz<\/b><\/p>\n<p><span style=\"font-weight: 400;\">\u00c7ocuklar\u0131n korunmas\u0131 i\u00e7in herkesin sorumluluk ta\u015f\u0131mas\u0131 gerekti\u011fine inan\u0131yoruz. \u00c7ocuk refah\u0131n\u0131n ve \u00e7ocuklar\u0131n her \u00e7e\u015fit zarardan korunmas\u0131n\u0131n son derece \u00f6nemli oldu\u011funu ve alakal\u0131 oldu\u011fumuz t\u00fcm \u00e7ocuklar\u0131n fiziki ve zihinsel tacizden korunmas\u0131n\u0131n temel g\u00f6revimiz oldu\u011funu biliyoruz. Bu ilkeler \u0131\u015f\u0131\u011f\u0131nda ulusal ve uluslararas\u0131 pazarda rekabet eden tesisimiz, her zaman lider olabilmek i\u00e7in gereken kararl\u0131l\u0131\u011f\u0131 g\u00f6stermekte, s\u00fcrekli geli\u015ftirmekte ve kaynaklar\u0131 sa\u011flamaktad\u0131r.<\/span><\/p>\n<p><b>D\u00fcnya\u2019da sayg\u0131n olabilmek i\u00e7in \u00e7evreye ve D\u00fcnya\u2019ya sayg\u0131l\u0131y\u0131z...<\/b><\/p>\n<p><span style=\"font-weight: 400;\">Nabu Hotel misafirlerinin konforundan taviz vermeden, su, elektrik, enerji, kimyasal, kat\u0131 at\u0131k miktarlar\u0131n\u0131n kontrol alt\u0131na al\u0131nmas\u0131, \u00e7evreye ve do\u011fal kaynaklara y\u00f6nelik olu\u015fabilecek zarar\u0131n en aza indirilmesi hedeflemektedir.<\/span><span style=\"font-weight: 400;\"><br \/><\/span><span style=\"font-weight: 400;\">S\u00fcrd\u00fcr\u00fclebilir turizm ilkeleri \u0131\u015f\u0131\u011f\u0131nda ald\u0131\u011f\u0131m\u0131z \u00f6nlemler ile do\u011fal kaynak kullan\u0131m\u0131 azalt\u0131lm\u0131\u015f, topra\u011fa, suya, havaya verilen zararlar\u0131n minimum d\u00fczeye indirilmesi ve m\u00fcmk\u00fcn ise ortadan kald\u0131r\u0131labilmesi i\u00e7in uygulamalar g\u00fcncellenmi\u015ftir.<\/span><\/p>\n<p><img data-recalc-dims=\"1\" loading=\"lazy\" decoding=\"async\" class=\"alignnone size-medium wp-image-1988\" src=\"https:\/\/i0.wp.com\/www.nabuhotel.com\/wp-content\/uploads\/2024\/03\/SCR-20240328-upyt.jpeg?resize=300%2C196&#038;ssl=1\" alt=\"\" width=\"300\" height=\"196\" srcset=\"https:\/\/i0.wp.com\/www.nabuhotel.com\/wp-content\/uploads\/2024\/03\/SCR-20240328-upyt.jpeg?resize=300%2C196&amp;ssl=1 300w, https:\/\/i0.wp.com\/www.nabuhotel.com\/wp-content\/uploads\/2024\/03\/SCR-20240328-upyt.jpeg?resize=1024%2C669&amp;ssl=1 1024w, https:\/\/i0.wp.com\/www.nabuhotel.com\/wp-content\/uploads\/2024\/03\/SCR-20240328-upyt.jpeg?resize=768%2C502&amp;ssl=1 768w, https:\/\/i0.wp.com\/www.nabuhotel.com\/wp-content\/uploads\/2024\/03\/SCR-20240328-upyt.jpeg?w=1432&amp;ssl=1 1432w\" sizes=\"auto, (max-width: 300px) 100vw, 300px\" \/><\/p>\n<p><b>S\u00fcrd\u00fcr\u00fclebilirlik Temel Bile\u015fenleri<\/b><\/p>\n<p>&nbsp;<\/p>\n<p><span style=\"font-weight: 400;\">GENEL M\u00dcD\u00dcR\u00a0\u00a0\u00a0\u00a0\u00a0\u00a0\u00a0\u00a0\u00a0\u00a0\u00a0\u00a0\u00a0\u00a0\u00a0\u00a0\u00a0\u00a0\u00a0\u00a0\u00a0\u00a0<\/span><\/p>\n<p><span style=\"font-weight: 400;\">AL\u0130 EMRE YAZ<\/span><\/p>\n\t<\/div>\n<\/div>\t\t<\/div>\n\t<\/div>\n<\/div><\/div>\n\n\t<\/div>\n\t<\/section><\/p>\n","protected":false},"excerpt":{"rendered":"<p>S\u00dcRD\u00dcR\u00dcLEB\u0130L\u0130RL\u0130K NABU HOTEL S\u00dcRD\u00dcR\u00dcLEB\u0130L\u0130RL\u0130K POL\u0130T\u0130KASI Tan\u0131m olarak s\u00fcrd\u00fcr\u00fclebilirlik; ya\u015famak i\u00e7in ihtiyac\u0131m\u0131z olan her \u015feyi, do\u011fal dengeyi bozmadan gelecek nesillerin faydalanabilece\u011fi \u015fekilde \u00fcretim ve \u00e7e\u015fitlili\u011fin devaml\u0131l\u0131\u011f\u0131 sa\u011flan\u0131rken insanl\u0131\u011f\u0131n ya\u015fam\u0131n\u0131n daimi k\u0131l\u0131nabilmesidir. Nabu Hotel\u00a0 olarak misafir memnuniyetini her \u015feyin \u00fczerinde tutarak en iyi kalitede hizmet vermek tesisimizin ana hedefidir. Bu hedef do\u011frultusunda; &nbsp; Yasal gereklilikler Nabu Hotel [&hellip;]<\/p>\n","protected":false},"author":1,"featured_media":0,"parent":0,"menu_order":0,"comment_status":"closed","ping_status":"closed","template":"visual-builder-template.php","meta":{"footnotes":""},"class_list":["post-1979","page","type-page","status-publish","hentry"],"jetpack_sharing_enabled":true,"brizy_media":[{"id":1984,"url":"https:\/\/www.nabuhotel.com\/wp-content\/uploads\/brizy\/1979\/assets\/images\/1ce72f3e257a3c8cfd6be5f3fc202db9.jpg","name":"1ce72f3e257a3c8cfd6be5f3fc202db9.jpg","meta":{"brizy_attachment_uid":"1ce72f3e257a3c8cfd6be5f3fc202db9.jpg","brizy_post_uid":["e6950ce31a6a46de7510125c4fd926dd"]}}],"_links":{"self":[{"href":"https:\/\/www.nabuhotel.com\/index.php?rest_route=\/wp\/v2\/pages\/1979","targetHints":{"allow":["GET"]}}],"collection":[{"href":"https:\/\/www.nabuhotel.com\/index.php?rest_route=\/wp\/v2\/pages"}],"about":[{"href":"https:\/\/www.nabuhotel.com\/index.php?rest_route=\/wp\/v2\/types\/page"}],"author":[{"embeddable":true,"href":"https:\/\/www.nabuhotel.com\/index.php?rest_route=\/wp\/v2\/users\/1"}],"replies":[{"embeddable":true,"href":"https:\/\/www.nabuhotel.com\/index.php?rest_route=%2Fwp%2Fv2%2Fcomments&post=1979"}],"version-history":[{"count":7,"href":"https:\/\/www.nabuhotel.com\/index.php?rest_route=\/wp\/v2\/pages\/1979\/revisions"}],"predecessor-version":[{"id":1992,"href":"https:\/\/www.nabuhotel.com\/index.php?rest_route=\/wp\/v2\/pages\/1979\/revisions\/1992"}],"wp:attachment":[{"href":"https:\/\/www.nabuhotel.com\/index.php?rest_route=%2Fwp%2Fv2%2Fmedia&parent=1979"}],"curies":[{"name":"wp","href":"https:\/\/api.w.org\/{rel}","templated":true}]}}